{"id":35,"date":"2018-06-28T12:16:44","date_gmt":"2018-06-28T12:16:44","guid":{"rendered":"https:\/\/themes.getmotopress.com\/mountainview\/?page_id=35"},"modified":"2023-09-05T21:50:38","modified_gmt":"2023-09-05T19:50:38","slug":"home","status":"publish","type":"page","link":"https:\/\/ostellocampoimperatore.com\/sito\/","title":{"rendered":"Home"},"content":{"rendered":"<h2>Benvenuti all&#8217;Ostello pi\u00f9 alto d&#8217;Europa<\/h2>\n<p><img loading=\"lazy\" decoding=\"async\" class=\"wp-image-535 size-medium alignleft\" src=\"https:\/\/ostellocampoimperatore.com\/sito\/wp-content\/uploads\/2022\/01\/sfondo-1-300x133.jpg\" alt=\"\" width=\"300\" height=\"133\" srcset=\"https:\/\/ostellocampoimperatore.com\/sito\/wp-content\/uploads\/2022\/01\/sfondo-1-300x133.jpg 300w, https:\/\/ostellocampoimperatore.com\/sito\/wp-content\/uploads\/2022\/01\/sfondo-1-1024x454.jpg 1024w, https:\/\/ostellocampoimperatore.com\/sito\/wp-content\/uploads\/2022\/01\/sfondo-1-768x340.jpg 768w, https:\/\/ostellocampoimperatore.com\/sito\/wp-content\/uploads\/2022\/01\/sfondo-1-1536x680.jpg 1536w, https:\/\/ostellocampoimperatore.com\/sito\/wp-content\/uploads\/2022\/01\/sfondo-1-800x354.jpg 800w, https:\/\/ostellocampoimperatore.com\/sito\/wp-content\/uploads\/2022\/01\/sfondo-1-1516x672.jpg 1516w, https:\/\/ostellocampoimperatore.com\/sito\/wp-content\/uploads\/2022\/01\/sfondo-1.jpg 1544w\" sizes=\"auto, (max-width: 300px) 100vw, 300px\" \/> L\u2019Ostello Campo Imperatore e\u00b4 l\u2019ostello pi\u00f9 alto d\u2019Europa. Con i suoi 2115 metri sul livello del mare merita assolutamente una visita.<\/p>\n<p>La struttura, completamente restaurata nel 2016, con impianti tecnologici di ultima generazione, si trova esattamente accanto alla stazione di monte della funivia del Gran Sasso D&#8217;Italia. Non \u00e8 esagerato dire \u201cesattamente accanto\u201d poich\u00e9 l\u2019Ostello era l&#8217;arrivo della vecchia funivia, dismessa nel 1988 e successivamente trasformata in un museo.<\/p>\n<p>L\u2019ingresso \u00e8 collegato direttamente alla stazione della funivia da un tunnel, che arriva fino alla stazione sciistica, anch\u2019essa da poco totalmente rinnovata. Quando siete qui, potete svegliarvi e uscire dalla porta direttamente sugli sci per iniziare le discese che il comprensorio offre (link). Ma non solo, Campo Imperatore \u00e8 la base anche per chi pratica sci alpinisimo godendo dei meravigliosi panorami che il Gran Sasso offre. In estate, tutto \u00e8 ancora pi\u00f9 suggestivo e da qui \u00e8 possibile intraprendere i sentieri che conducono verso le numerose vette del massiccio: Corno Grande e Corno Piccolo, Monte Portella, Monte Aquila, Monte Scindarella, Monte San Franco, Pizzo Cefalone, Monte Corvo, Pizzo d\u2019Intermesoli, Monte Brancastello, Monte Prena e Monte Camicia.<\/p>\n<p>\u00c8 possibile inoltre raggiungere il Rifugio Duca degli Abruzzi, situato a 2388 m sulla Cresta del Monte Portella, a ridosso del Corno Grande e il Rifugio Garibaldi, situato a quota 2230 m, al margine di Campo Pericoli, in una zona denominata Conca dell\u2019Oro.<\/p>\n","protected":false},"excerpt":{"rendered":"<p>Benvenuti all&#8217;Ostello pi\u00f9 alto d&#8217;Europa L\u2019Ostello Campo Imperatore e\u00b4 l\u2019ostello pi\u00f9 alto d\u2019Europa. Con i suoi 2115 metri sul livello del mare merita assolutamente una visita. La struttura, completamente restaurata nel 2016, con impianti tecnologici di ultima generazione, si trova esattamente accanto alla stazione di monte della funivia del Gran Sasso D&#8217;Italia. Non \u00e8 esagerato [&hellip;]<\/p>\n","protected":false},"author":1,"featured_media":534,"parent":0,"menu_order":0,"comment_status":"closed","ping_status":"closed","template":"template-front-page.php","meta":{"_monsterinsights_skip_tracking":false,"_monsterinsights_sitenote_active":false,"_monsterinsights_sitenote_note":"","_monsterinsights_sitenote_category":0,"spay_email":"","footnotes":""},"class_list":["post-35","page","type-page","status-publish","has-post-thumbnail","hentry"],"yoast_head":"<!-- This site is optimized with the Yoast SEO plugin v17.8 - https:\/\/yoast.com\/wordpress\/plugins\/seo\/ -->\n<title>Home -<\/title>\n<meta name=\"robots\" content=\"index, follow, max-snippet:-1, max-image-preview:large, max-video-preview:-1\" \/>\n<link rel=\"canonical\" href=\"https:\/\/ostellocampoimperatore.com\/sito\/\" \/>\n<meta property=\"og:locale\" content=\"it_IT\" \/>\n<meta property=\"og:type\" content=\"article\" \/>\n<meta property=\"og:title\" content=\"Home -\" \/>\n<meta property=\"og:description\" content=\"Benvenuti all&#8217;Ostello pi\u00f9 alto d&#8217;Europa L\u2019Ostello Campo Imperatore e\u00b4 l\u2019ostello pi\u00f9 alto d\u2019Europa. Con i suoi 2115 metri sul livello del mare merita assolutamente una visita. La struttura, completamente restaurata nel 2016, con impianti tecnologici di ultima generazione, si trova esattamente accanto alla stazione di monte della funivia del Gran Sasso D&#8217;Italia. Non \u00e8 esagerato [&hellip;]\" \/>\n<meta property=\"og:url\" content=\"https:\/\/ostellocampoimperatore.com\/sito\/\" \/>\n<meta property=\"article:modified_time\" content=\"2023-09-05T19:50:38+00:00\" \/>\n<meta property=\"og:image\" content=\"https:\/\/ostellocampoimperatore.com\/sito\/wp-content\/uploads\/2022\/01\/sfondo.jpg\" \/>\n\t<meta property=\"og:image:width\" content=\"1544\" \/>\n\t<meta property=\"og:image:height\" content=\"684\" \/>\n<meta name=\"twitter:card\" content=\"summary_large_image\" \/>\n<meta name=\"twitter:label1\" content=\"Tempo di lettura stimato\" \/>\n\t<meta name=\"twitter:data1\" content=\"2 minuti\" \/>\n<script type=\"application\/ld+json\" class=\"yoast-schema-graph\">{\"@context\":\"https:\/\/schema.org\",\"@graph\":[{\"@type\":\"WebSite\",\"@id\":\"https:\/\/ostellocampoimperatore.com\/sito\/#website\",\"url\":\"https:\/\/ostellocampoimperatore.com\/sito\/\",\"name\":\"\",\"description\":\"\",\"potentialAction\":[{\"@type\":\"SearchAction\",\"target\":{\"@type\":\"EntryPoint\",\"urlTemplate\":\"https:\/\/ostellocampoimperatore.com\/sito\/?s={search_term_string}\"},\"query-input\":\"required name=search_term_string\"}],\"inLanguage\":\"it-IT\"},{\"@type\":\"ImageObject\",\"@id\":\"https:\/\/ostellocampoimperatore.com\/sito\/#primaryimage\",\"inLanguage\":\"it-IT\",\"url\":\"https:\/\/ostellocampoimperatore.com\/sito\/wp-content\/uploads\/2022\/01\/sfondo.jpg\",\"contentUrl\":\"https:\/\/ostellocampoimperatore.com\/sito\/wp-content\/uploads\/2022\/01\/sfondo.jpg\",\"width\":1544,\"height\":684},{\"@type\":\"WebPage\",\"@id\":\"https:\/\/ostellocampoimperatore.com\/sito\/#webpage\",\"url\":\"https:\/\/ostellocampoimperatore.com\/sito\/\",\"name\":\"Home -\",\"isPartOf\":{\"@id\":\"https:\/\/ostellocampoimperatore.com\/sito\/#website\"},\"primaryImageOfPage\":{\"@id\":\"https:\/\/ostellocampoimperatore.com\/sito\/#primaryimage\"},\"datePublished\":\"2018-06-28T12:16:44+00:00\",\"dateModified\":\"2023-09-05T19:50:38+00:00\",\"breadcrumb\":{\"@id\":\"https:\/\/ostellocampoimperatore.com\/sito\/#breadcrumb\"},\"inLanguage\":\"it-IT\",\"potentialAction\":[{\"@type\":\"ReadAction\",\"target\":[\"https:\/\/ostellocampoimperatore.com\/sito\/\"]}]},{\"@type\":\"BreadcrumbList\",\"@id\":\"https:\/\/ostellocampoimperatore.com\/sito\/#breadcrumb\",\"itemListElement\":[{\"@type\":\"ListItem\",\"position\":1,\"name\":\"Home\",\"item\":\"https:\/\/ostellocampoimperatore.com\/sito\/\"},{\"@type\":\"ListItem\",\"position\":2,\"name\":\"Home\"}]}]}<\/script>\n<!-- \/ Yoast SEO plugin. -->","yoast_head_json":{"title":"Home -","robots":{"index":"index","follow":"follow","max-snippet":"max-snippet:-1","max-image-preview":"max-image-preview:large","max-video-preview":"max-video-preview:-1"},"canonical":"https:\/\/ostellocampoimperatore.com\/sito\/","og_locale":"it_IT","og_type":"article","og_title":"Home -","og_description":"Benvenuti all&#8217;Ostello pi\u00f9 alto d&#8217;Europa L\u2019Ostello Campo Imperatore e\u00b4 l\u2019ostello pi\u00f9 alto d\u2019Europa. Con i suoi 2115 metri sul livello del mare merita assolutamente una visita. La struttura, completamente restaurata nel 2016, con impianti tecnologici di ultima generazione, si trova esattamente accanto alla stazione di monte della funivia del Gran Sasso D&#8217;Italia. Non \u00e8 esagerato [&hellip;]","og_url":"https:\/\/ostellocampoimperatore.com\/sito\/","article_modified_time":"2023-09-05T19:50:38+00:00","og_image":[{"width":1544,"height":684,"url":"https:\/\/ostellocampoimperatore.com\/sito\/wp-content\/uploads\/2022\/01\/sfondo.jpg","type":"image\/jpeg"}],"twitter_card":"summary_large_image","twitter_misc":{"Tempo di lettura stimato":"2 minuti"},"schema":{"@context":"https:\/\/schema.org","@graph":[{"@type":"WebSite","@id":"https:\/\/ostellocampoimperatore.com\/sito\/#website","url":"https:\/\/ostellocampoimperatore.com\/sito\/","name":"","description":"","potentialAction":[{"@type":"SearchAction","target":{"@type":"EntryPoint","urlTemplate":"https:\/\/ostellocampoimperatore.com\/sito\/?s={search_term_string}"},"query-input":"required name=search_term_string"}],"inLanguage":"it-IT"},{"@type":"ImageObject","@id":"https:\/\/ostellocampoimperatore.com\/sito\/#primaryimage","inLanguage":"it-IT","url":"https:\/\/ostellocampoimperatore.com\/sito\/wp-content\/uploads\/2022\/01\/sfondo.jpg","contentUrl":"https:\/\/ostellocampoimperatore.com\/sito\/wp-content\/uploads\/2022\/01\/sfondo.jpg","width":1544,"height":684},{"@type":"WebPage","@id":"https:\/\/ostellocampoimperatore.com\/sito\/#webpage","url":"https:\/\/ostellocampoimperatore.com\/sito\/","name":"Home -","isPartOf":{"@id":"https:\/\/ostellocampoimperatore.com\/sito\/#website"},"primaryImageOfPage":{"@id":"https:\/\/ostellocampoimperatore.com\/sito\/#primaryimage"},"datePublished":"2018-06-28T12:16:44+00:00","dateModified":"2023-09-05T19:50:38+00:00","breadcrumb":{"@id":"https:\/\/ostellocampoimperatore.com\/sito\/#breadcrumb"},"inLanguage":"it-IT","potentialAction":[{"@type":"ReadAction","target":["https:\/\/ostellocampoimperatore.com\/sito\/"]}]},{"@type":"BreadcrumbList","@id":"https:\/\/ostellocampoimperatore.com\/sito\/#breadcrumb","itemListElement":[{"@type":"ListItem","position":1,"name":"Home","item":"https:\/\/ostellocampoimperatore.com\/sito\/"},{"@type":"ListItem","position":2,"name":"Home"}]}]}},"jetpack_sharing_enabled":true,"jetpack_likes_enabled":true,"_links":{"self":[{"href":"https:\/\/ostellocampoimperatore.com\/sito\/wp-json\/wp\/v2\/pages\/35","targetHints":{"allow":["GET"]}}],"collection":[{"href":"https:\/\/ostellocampoimperatore.com\/sito\/wp-json\/wp\/v2\/pages"}],"about":[{"href":"https:\/\/ostellocampoimperatore.com\/sito\/wp-json\/wp\/v2\/types\/page"}],"author":[{"embeddable":true,"href":"https:\/\/ostellocampoimperatore.com\/sito\/wp-json\/wp\/v2\/users\/1"}],"replies":[{"embeddable":true,"href":"https:\/\/ostellocampoimperatore.com\/sito\/wp-json\/wp\/v2\/comments?post=35"}],"version-history":[{"count":6,"href":"https:\/\/ostellocampoimperatore.com\/sito\/wp-json\/wp\/v2\/pages\/35\/revisions"}],"predecessor-version":[{"id":6926,"href":"https:\/\/ostellocampoimperatore.com\/sito\/wp-json\/wp\/v2\/pages\/35\/revisions\/6926"}],"wp:featuredmedia":[{"embeddable":true,"href":"https:\/\/ostellocampoimperatore.com\/sito\/wp-json\/wp\/v2\/media\/534"}],"wp:attachment":[{"href":"https:\/\/ostellocampoimperatore.com\/sito\/wp-json\/wp\/v2\/media?parent=35"}],"curies":[{"name":"wp","href":"https:\/\/api.w.org\/{rel}","templated":true}]}}