{"id":9,"date":"2018-06-28T11:57:04","date_gmt":"2018-06-28T09:57:04","guid":{"rendered":"https:\/\/themes.getmotopress.com\/mountainview\/?page_id=9"},"modified":"2022-01-05T17:49:18","modified_gmt":"2022-01-05T16:49:18","slug":"approfondisci","status":"publish","type":"page","link":"https:\/\/ostellocampoimperatore.com\/sito\/home\/attivita\/approfondisci\/","title":{"rendered":"Higher &#8220;Gran Sasso Activities&#8221;"},"content":{"rendered":"\n<p><strong><span class=\"d2edcug0 hpfvmrgz qv66sw1b c1et5uql lr9zc1uh a8c37x1j fe6kdd0r mau55g9w c8b282yb keod5gw0 nxhoafnm aigsh9s9 d3f4x2em iv3no6db jq4qci2q a3bd9o3v b1v8xokw oo9gr5id hzawbc8m\" dir=\"auto\"><span class=\"d2edcug0 hpfvmrgz qv66sw1b c1et5uql lr9zc1uh jq4qci2q a3bd9o3v b1v8xokw oo9gr5id hzawbc8m\">HIGHER ha lo scopo di promuovere le attivit\u00e0 sportive e ricreative a Campo Imperatore. L\u2019associazione e\u0300 composta da professionisti e appassionati che organizzano corsi formativi, escursioni guidate, eventi e video promozionali 365 giorni l&#8217;anno.<\/span><\/span><\/strong><\/p>\n\n\n\n<!--more Approfondisci-->\n\n\n\n<p>Le nostre attivit\u00e0 :<\/p>\n\n\n\n<div class=\"hzawbc8m buofh1pr cbu4d94t j83agx80\">\n<div class=\"j83agx80 cbu4d94t ew0dbk1b irj2b8pg\">\n<div class=\"qzhwtbm6 knvmm38d\"><strong><span class=\"d2edcug0 hpfvmrgz qv66sw1b c1et5uql lr9zc1uh a8c37x1j fe6kdd0r mau55g9w c8b282yb keod5gw0 nxhoafnm aigsh9s9 d3f4x2em mdeji52x a5q79mjw g1cxx5fr lrazzd5p oo9gr5id hzawbc8m\" dir=\"auto\">E-Bike tour<\/span><\/strong><\/div>\n<div>&nbsp;<\/div>\n<div class=\"qzhwtbm6 knvmm38d\"><span class=\"d2edcug0 hpfvmrgz qv66sw1b c1et5uql lr9zc1uh a8c37x1j fe6kdd0r mau55g9w c8b282yb keod5gw0 nxhoafnm aigsh9s9 d3f4x2em iv3no6db jq4qci2q a3bd9o3v b1v8xokw oo9gr5id hzawbc8m\" dir=\"auto\">La durata pu\u00f2 variare \u00b7 15\u20ac l&#8217;ora<\/span><\/div>\n<div>&nbsp;<\/div>\n<\/div>\n<div class=\"n1l5q3vz\">\n<div class=\"kvgmc6g5 cxmmr5t8 oygrvhab hcukyx3x c1et5uql\">Splendide Ciclo-escursioni nel Parco Nazionale del Gran Sasso. Gite personalizzabili su qualsiasi vostra esigenza, preparazione atletica e condizioni meteo. Il costo comprende noleggio Ebike con guida qualificata. Escursioni con un minimo di 3 persone con durata minima di 2 ore Per info e iscrizioni 3289214013 Emanuele<\/div>\n<\/div>\n<\/div>\n\n\n\n<div>&nbsp;<\/div>\n\n\n\n<div>&nbsp;<\/div>\n\n\n\n<p><strong>Lezioni di Sci &#8211; Avviamento<\/strong><\/p>\n\n\n\n<p>La durata pu\u00f2 variare<\/p>\n\n\n\n<p>Pacchetto AVVIAMENTO ALLO SCI: 12 giorni di lezione per avviare le nuove generazioni al mondo dello sci e alla conoscenza della montagna. Tutte le domeniche mattina dalle 9:00 alle 13:00 dal 5 gennaio 2020 al 5 aprile. info e iscrizioni 3289214013 Emanuele<\/p>\n\n\n\n<p><strong>Avvicinamento Snowkite<\/strong><\/p>\n\n\n\n<p> 4 ore \u00b7 120<\/p>\n\n\n\n<p>Il modo pi\u00f9 semplice per avvicinarsi a questo sport in sicurezza imparando le basi della conduzione di un kite fino a provare l\u2019emozione dello snowkite. Chiama al 3334929871<\/p>\n\n\n\n<p><\/p>\n\n\n\n<p><strong>Pernotto in tenda a 2.100 metri per due <\/strong><\/p>\n\n\n\n<p>8 ore e oltre \u00b7 189<\/p>\n\n\n\n<p>Un orizzonte di neve fresca e immacolata, attrezzature tecnologicamente avanzate, un\u2019esperienza unica! Una notte passata fra le vette innevate, lontano, lontanissimo dalle luci e dai rumori della civilt\u00e0, d\u00e0 emozioni forti. Come la sensazione di libert\u00e0, la meraviglia di essere ambientati nella natura pi\u00f9 pura e di sentirsi parte di essa, la sensazione di poter toccare il cielo con un dito. In prossimit\u00e0 del hotel Campo Imperatore, nel comprensorio di Campo Imperatore, allestiremo le tende da spedizione attrezzate con sacchi a pelo invernali. Chiamare al 3334929871.<\/p>\n\n\n\n<p><\/p>\n\n\n\n<p>Per tutte le altre info visita la nostra pagina facebook : <a href=\"https:\/\/www.facebook.com\/highergransasso.it\/\" target=\"_blank\" rel=\"noreferrer noopener\">https:\/\/www.facebook.com\/highergransasso.it\/<\/a><\/p>\n","protected":false},"excerpt":{"rendered":"<p>HIGHER ha lo scopo di promuovere le attivit\u00e0 sportive e ricreative a Campo Imperatore. L\u2019associazione e\u0300 composta da professionisti e appassionati che organizzano corsi formativi, escursioni guidate, eventi e video promozionali 365 giorni l&#8217;anno.<\/p>\n","protected":false},"author":1,"featured_media":502,"parent":15,"menu_order":0,"comment_status":"closed","ping_status":"closed","template":"template-page-no-sidebar.php","meta":{"_monsterinsights_skip_tracking":false,"_monsterinsights_sitenote_active":false,"_monsterinsights_sitenote_note":"","_monsterinsights_sitenote_category":0,"spay_email":"","footnotes":""},"class_list":["post-9","page","type-page","status-publish","has-post-thumbnail","hentry"],"yoast_head":"<!-- This site is optimized with the Yoast SEO plugin v17.8 - https:\/\/yoast.com\/wordpress\/plugins\/seo\/ -->\n<title>Higher &quot;Gran Sasso Activities&quot; -<\/title>\n<meta name=\"robots\" content=\"index, follow, max-snippet:-1, max-image-preview:large, max-video-preview:-1\" \/>\n<link rel=\"canonical\" href=\"https:\/\/ostellocampoimperatore.com\/sito\/home\/attivita\/approfondisci\/\" \/>\n<meta property=\"og:locale\" content=\"it_IT\" \/>\n<meta property=\"og:type\" content=\"article\" \/>\n<meta property=\"og:title\" content=\"Higher &quot;Gran Sasso Activities&quot; -\" \/>\n<meta property=\"og:description\" content=\"HIGHER ha lo scopo di promuovere le attivit\u00e0 sportive e ricreative a Campo Imperatore. L\u2019associazione e\u0300 composta da professionisti e appassionati che organizzano corsi formativi, escursioni guidate, eventi e video promozionali 365 giorni l&#8217;anno.\" \/>\n<meta property=\"og:url\" content=\"https:\/\/ostellocampoimperatore.com\/sito\/home\/attivita\/approfondisci\/\" \/>\n<meta property=\"article:modified_time\" content=\"2022-01-05T16:49:18+00:00\" \/>\n<meta property=\"og:image\" content=\"https:\/\/ostellocampoimperatore.com\/sito\/wp-content\/uploads\/2022\/01\/higher.jpg\" \/>\n\t<meta property=\"og:image:width\" content=\"960\" \/>\n\t<meta property=\"og:image:height\" content=\"541\" \/>\n<meta name=\"twitter:card\" content=\"summary_large_image\" \/>\n<meta name=\"twitter:label1\" content=\"Tempo di lettura stimato\" \/>\n\t<meta name=\"twitter:data1\" content=\"1 minuto\" \/>\n<script type=\"application\/ld+json\" class=\"yoast-schema-graph\">{\"@context\":\"https:\/\/schema.org\",\"@graph\":[{\"@type\":\"WebSite\",\"@id\":\"https:\/\/ostellocampoimperatore.com\/sito\/#website\",\"url\":\"https:\/\/ostellocampoimperatore.com\/sito\/\",\"name\":\"\",\"description\":\"\",\"potentialAction\":[{\"@type\":\"SearchAction\",\"target\":{\"@type\":\"EntryPoint\",\"urlTemplate\":\"https:\/\/ostellocampoimperatore.com\/sito\/?s={search_term_string}\"},\"query-input\":\"required name=search_term_string\"}],\"inLanguage\":\"it-IT\"},{\"@type\":\"ImageObject\",\"@id\":\"https:\/\/ostellocampoimperatore.com\/sito\/home\/attivita\/approfondisci\/#primaryimage\",\"inLanguage\":\"it-IT\",\"url\":\"https:\/\/ostellocampoimperatore.com\/sito\/wp-content\/uploads\/2022\/01\/higher.jpg\",\"contentUrl\":\"https:\/\/ostellocampoimperatore.com\/sito\/wp-content\/uploads\/2022\/01\/higher.jpg\",\"width\":960,\"height\":541},{\"@type\":\"WebPage\",\"@id\":\"https:\/\/ostellocampoimperatore.com\/sito\/home\/attivita\/approfondisci\/#webpage\",\"url\":\"https:\/\/ostellocampoimperatore.com\/sito\/home\/attivita\/approfondisci\/\",\"name\":\"Higher \\\"Gran Sasso Activities\\\" -\",\"isPartOf\":{\"@id\":\"https:\/\/ostellocampoimperatore.com\/sito\/#website\"},\"primaryImageOfPage\":{\"@id\":\"https:\/\/ostellocampoimperatore.com\/sito\/home\/attivita\/approfondisci\/#primaryimage\"},\"datePublished\":\"2018-06-28T09:57:04+00:00\",\"dateModified\":\"2022-01-05T16:49:18+00:00\",\"breadcrumb\":{\"@id\":\"https:\/\/ostellocampoimperatore.com\/sito\/home\/attivita\/approfondisci\/#breadcrumb\"},\"inLanguage\":\"it-IT\",\"potentialAction\":[{\"@type\":\"ReadAction\",\"target\":[\"https:\/\/ostellocampoimperatore.com\/sito\/home\/attivita\/approfondisci\/\"]}]},{\"@type\":\"BreadcrumbList\",\"@id\":\"https:\/\/ostellocampoimperatore.com\/sito\/home\/attivita\/approfondisci\/#breadcrumb\",\"itemListElement\":[{\"@type\":\"ListItem\",\"position\":1,\"name\":\"Home\",\"item\":\"https:\/\/ostellocampoimperatore.com\/sito\/\"},{\"@type\":\"ListItem\",\"position\":2,\"name\":\"Home\",\"item\":\"https:\/\/ostellocampoimperatore.com\/sito\/\"},{\"@type\":\"ListItem\",\"position\":3,\"name\":\"Attivit\\u00e0\",\"item\":\"https:\/\/ostellocampoimperatore.com\/sito\/home\/attivita\/\"},{\"@type\":\"ListItem\",\"position\":4,\"name\":\"Higher &#8220;Gran Sasso Activities&#8221;\"}]}]}<\/script>\n<!-- \/ Yoast SEO plugin. -->","yoast_head_json":{"title":"Higher \"Gran Sasso Activities\" -","robots":{"index":"index","follow":"follow","max-snippet":"max-snippet:-1","max-image-preview":"max-image-preview:large","max-video-preview":"max-video-preview:-1"},"canonical":"https:\/\/ostellocampoimperatore.com\/sito\/home\/attivita\/approfondisci\/","og_locale":"it_IT","og_type":"article","og_title":"Higher \"Gran Sasso Activities\" -","og_description":"HIGHER ha lo scopo di promuovere le attivit\u00e0 sportive e ricreative a Campo Imperatore. L\u2019associazione e\u0300 composta da professionisti e appassionati che organizzano corsi formativi, escursioni guidate, eventi e video promozionali 365 giorni l&#8217;anno.","og_url":"https:\/\/ostellocampoimperatore.com\/sito\/home\/attivita\/approfondisci\/","article_modified_time":"2022-01-05T16:49:18+00:00","og_image":[{"width":960,"height":541,"url":"https:\/\/ostellocampoimperatore.com\/sito\/wp-content\/uploads\/2022\/01\/higher.jpg","type":"image\/jpeg"}],"twitter_card":"summary_large_image","twitter_misc":{"Tempo di lettura stimato":"1 minuto"},"schema":{"@context":"https:\/\/schema.org","@graph":[{"@type":"WebSite","@id":"https:\/\/ostellocampoimperatore.com\/sito\/#website","url":"https:\/\/ostellocampoimperatore.com\/sito\/","name":"","description":"","potentialAction":[{"@type":"SearchAction","target":{"@type":"EntryPoint","urlTemplate":"https:\/\/ostellocampoimperatore.com\/sito\/?s={search_term_string}"},"query-input":"required name=search_term_string"}],"inLanguage":"it-IT"},{"@type":"ImageObject","@id":"https:\/\/ostellocampoimperatore.com\/sito\/home\/attivita\/approfondisci\/#primaryimage","inLanguage":"it-IT","url":"https:\/\/ostellocampoimperatore.com\/sito\/wp-content\/uploads\/2022\/01\/higher.jpg","contentUrl":"https:\/\/ostellocampoimperatore.com\/sito\/wp-content\/uploads\/2022\/01\/higher.jpg","width":960,"height":541},{"@type":"WebPage","@id":"https:\/\/ostellocampoimperatore.com\/sito\/home\/attivita\/approfondisci\/#webpage","url":"https:\/\/ostellocampoimperatore.com\/sito\/home\/attivita\/approfondisci\/","name":"Higher \"Gran Sasso Activities\" -","isPartOf":{"@id":"https:\/\/ostellocampoimperatore.com\/sito\/#website"},"primaryImageOfPage":{"@id":"https:\/\/ostellocampoimperatore.com\/sito\/home\/attivita\/approfondisci\/#primaryimage"},"datePublished":"2018-06-28T09:57:04+00:00","dateModified":"2022-01-05T16:49:18+00:00","breadcrumb":{"@id":"https:\/\/ostellocampoimperatore.com\/sito\/home\/attivita\/approfondisci\/#breadcrumb"},"inLanguage":"it-IT","potentialAction":[{"@type":"ReadAction","target":["https:\/\/ostellocampoimperatore.com\/sito\/home\/attivita\/approfondisci\/"]}]},{"@type":"BreadcrumbList","@id":"https:\/\/ostellocampoimperatore.com\/sito\/home\/attivita\/approfondisci\/#breadcrumb","itemListElement":[{"@type":"ListItem","position":1,"name":"Home","item":"https:\/\/ostellocampoimperatore.com\/sito\/"},{"@type":"ListItem","position":2,"name":"Home","item":"https:\/\/ostellocampoimperatore.com\/sito\/"},{"@type":"ListItem","position":3,"name":"Attivit\u00e0","item":"https:\/\/ostellocampoimperatore.com\/sito\/home\/attivita\/"},{"@type":"ListItem","position":4,"name":"Higher &#8220;Gran Sasso Activities&#8221;"}]}]}},"jetpack_sharing_enabled":true,"jetpack_likes_enabled":true,"_links":{"self":[{"href":"https:\/\/ostellocampoimperatore.com\/sito\/wp-json\/wp\/v2\/pages\/9","targetHints":{"allow":["GET"]}}],"collection":[{"href":"https:\/\/ostellocampoimperatore.com\/sito\/wp-json\/wp\/v2\/pages"}],"about":[{"href":"https:\/\/ostellocampoimperatore.com\/sito\/wp-json\/wp\/v2\/types\/page"}],"author":[{"embeddable":true,"href":"https:\/\/ostellocampoimperatore.com\/sito\/wp-json\/wp\/v2\/users\/1"}],"replies":[{"embeddable":true,"href":"https:\/\/ostellocampoimperatore.com\/sito\/wp-json\/wp\/v2\/comments?post=9"}],"version-history":[{"count":5,"href":"https:\/\/ostellocampoimperatore.com\/sito\/wp-json\/wp\/v2\/pages\/9\/revisions"}],"predecessor-version":[{"id":508,"href":"https:\/\/ostellocampoimperatore.com\/sito\/wp-json\/wp\/v2\/pages\/9\/revisions\/508"}],"up":[{"embeddable":true,"href":"https:\/\/ostellocampoimperatore.com\/sito\/wp-json\/wp\/v2\/pages\/15"}],"wp:featuredmedia":[{"embeddable":true,"href":"https:\/\/ostellocampoimperatore.com\/sito\/wp-json\/wp\/v2\/media\/502"}],"wp:attachment":[{"href":"https:\/\/ostellocampoimperatore.com\/sito\/wp-json\/wp\/v2\/media?parent=9"}],"curies":[{"name":"wp","href":"https:\/\/api.w.org\/{rel}","templated":true}]}}